{"id":179,"date":"2026-04-10T16:07:56","date_gmt":"2026-04-10T16:07:56","guid":{"rendered":"https:\/\/minnthuu.azdigi.shop\/?post_type=product&#038;p=179"},"modified":"2026-04-18T03:59:08","modified_gmt":"2026-04-18T03:59:08","slug":"nen-thom-rung-thong","status":"publish","type":"product","link":"https:\/\/minnthuu.azdigi.shop\/?product=nen-thom-rung-thong","title":{"rendered":"N\u1ebfn th\u01a1m r\u1eebng th\u00f4ng Organic | Tinh d\u1ea7u thi\u00ean nhi\u00ean Shopcuatui"},"content":{"rendered":"<h2 data-path-to-node=\"7\"><b data-path-to-node=\"7\" data-index-in-node=\"0\">N\u1ebfn th\u01a1m r\u1eebng th\u00f4ng \u2013 \u0110\u01b0a thi\u00ean nhi\u00ean v\u00e0o c\u0103n ph\u00f2ng c\u1ee7a b\u1ea1n<\/b><\/h2>\n<p data-path-to-node=\"8\">B\u1ea1n mu\u1ed1n th\u1ee9c d\u1eady gi\u1eefa m\u1ed9t c\u00e1nh r\u1eebng th\u00f4ng b\u1ea1t ng\u00e0n? B\u1ea1n y\u00eau th\u00edch kh\u00f4ng kh\u00ed se l\u1ea1nh v\u00e0 thanh khi\u1ebft bu\u1ed5i s\u1edbm mai? <b data-path-to-node=\"8\" data-index-in-node=\"114\">N\u1ebfn th\u01a1m r\u1eebng th\u00f4ng<\/b> t\u1eeb Shopcuatui s\u1ebd mang tr\u1ea3i nghi\u1ec7m \u0111\u00f3 \u0111\u1ebfn cho b\u1ea1n. S\u1ea3n ph\u1ea9m n\u00e0y gi\u00fap l\u00e0m \u1ea5m kh\u00f4ng gian s\u1ed1ng c\u1ee7a b\u1ea1n m\u1ed9t c\u00e1ch t\u1ef1 nhi\u00ean.<\/p>\n<h2 data-path-to-node=\"9\"><b data-path-to-node=\"9\" data-index-in-node=\"0\">Th\u00e0nh ph\u1ea7n an to\u00e0n t\u1eeb thi\u00ean nhi\u00ean<\/b><\/h2>\n<p data-path-to-node=\"9\">Ch\u00fang t\u00f4i lu\u00f4n \u01b0u ti\u00ean s\u1ee9c kh\u1ecfe c\u1ee7a kh\u00e1ch h\u00e0ng. Th\u00e0nh ph\u1ea7n ch\u00ednh c\u1ee7a n\u1ebfn bao g\u1ed3m s\u00e1p \u0111\u1eadu n\u00e0nh thi\u00ean nhi\u00ean. Lo\u1ea1i s\u00e1p n\u00e0y \u0111\u1ed1t r\u1ea5t s\u1ea1ch v\u00e0 kh\u00f4ng t\u1ea1o kh\u00f3i \u0111en. Ngo\u00e0i ra, s\u1ea3n ph\u1ea9m c\u00f2n ph\u1ed1i tr\u1ed9n tinh d\u1ea7u th\u00f4ng v\u00e0 g\u1ed7 tuy\u1ebft t\u00f9ng. M\u1ed9t ch\u00fat h\u01b0\u01a1ng b\u1ea1c h\u00e0 gi\u00fap t\u1ea1o c\u1ea3m gi\u00e1c s\u1ea3ng kho\u00e1i t\u1ee9c th\u00ec.<\/p>\n<p data-path-to-node=\"10\">T\u1ea5t c\u1ea3 nguy\u00ean li\u1ec7u \u0111\u1ec1u c\u00f3 ngu\u1ed3n g\u1ed1c t\u1eeb Vi\u1ec7t Nam. Ch\u00fang t\u00f4i cam k\u1ebft ti\u00eau chu\u1ea9n organic kh\u1eaft khe nh\u1ea5t. V\u00ec v\u1eady, n\u1ebfn r\u1ea5t an to\u00e0n cho c\u1ea3 ng\u01b0\u1eddi gi\u00e0 v\u00e0 tr\u1ebb em.<\/p>\n<h2 data-path-to-node=\"11\"><b data-path-to-node=\"11\" data-index-in-node=\"0\">L\u1ee3i \u00edch khi s\u1eed d\u1ee5ng n\u1ebfn th\u01a1m r\u1eebng th\u00f4ng<\/b><\/h2>\n<p data-path-to-node=\"11\">S\u1eed d\u1ee5ng n\u1ebfn th\u01a1m kh\u00f4ng ch\u1ec9 \u0111\u1ec3 trang tr\u00ed ph\u00f2ng. \u0110\u00e2y c\u00f2n l\u00e0 li\u1ec7u ph\u00e1p tinh th\u1ea7n r\u1ea5t hi\u1ec7u qu\u1ea3:<\/p>\n<ul data-path-to-node=\"12\">\n<li>\n<p data-path-to-node=\"12,0,0\"><b data-path-to-node=\"12,0,0\" data-index-in-node=\"0\">Gi\u1ea3m c\u0103ng th\u1eb3ng:<\/b> H\u01b0\u01a1ng g\u1ed7 gi\u00fap xoa d\u1ecbu h\u1ec7 th\u1ea7n kinh nhanh ch\u00f3ng.<\/p>\n<\/li>\n<li>\n<p data-path-to-node=\"12,1,0\"><b data-path-to-node=\"12,1,0\" data-index-in-node=\"0\">T\u0103ng t\u1eadp trung:<\/b> S\u1ef1 thanh m\u00e1t gi\u00fap n\u00e3o b\u1ed9 t\u1ec9nh t\u00e1o khi l\u00e0m vi\u1ec7c.<\/p>\n<\/li>\n<li>\n<p data-path-to-node=\"12,2,0\"><b data-path-to-node=\"12,2,0\" data-index-in-node=\"0\">L\u00e0m s\u1ea1ch kh\u00f4ng kh\u00ed:<\/b> Tinh d\u1ea7u thi\u00ean nhi\u00ean gi\u00fap kh\u1eed m\u00f9i ph\u00f2ng c\u1ef1c t\u1ed1t.<\/p>\n<\/li>\n<\/ul>\n<p data-path-to-node=\"13\">S\u1ea3n ph\u1ea9m c\u00f2n t\u01b0\u1ee3ng tr\u01b0ng cho s\u1ef1 kh\u1edfi \u0111\u1ea7u m\u1edbi m\u1ebb. N\u00f3 mang l\u1ea1i n\u0103ng l\u01b0\u1ee3ng t\u00edch c\u1ef1c cho c\u0103n nh\u00e0 c\u1ee7a b\u1ea1n.<\/p>\n<h2 data-path-to-node=\"14\"><b data-path-to-node=\"14\" data-index-in-node=\"0\">C\u00e1ch s\u1eed d\u1ee5ng n\u1ebfn th\u01a1m b\u1ec1n l\u00e2u nh\u1ea5t<\/b><\/h2>\n<p data-path-to-node=\"14\">\u0110\u1ec3 h\u0169 n\u1ebfn lu\u00f4n b\u1ec1n \u0111\u1eb9p, b\u1ea1n c\u1ea7n l\u01b0u \u00fd v\u00e0i \u0111i\u1ec3m nh\u1ecf. H\u00e3y lu\u00f4n c\u1eaft b\u1ea5c n\u1ebfn c\u00f2n kho\u1ea3ng 0.5cm tr\u01b0\u1edbc khi \u0111\u1ed1t. B\u1ea1n n\u00ean \u0111\u1ed1t n\u1ebfn t\u1ed1i thi\u1ec3u 1 gi\u1edd m\u1ed7i l\u1ea7n. \u0110i\u1ec1u n\u00e0y gi\u00fap b\u1ec1 m\u1eb7t n\u1ebfn tan ch\u1ea3y \u0111\u1ec1u v\u00e0 tr\u00e1nh b\u1ecb l\u00f5m.<\/p>\n<p data-path-to-node=\"15\">Hi\u1ec7n t\u1ea1i, s\u1ea3n ph\u1ea9m c\u00f3 gi\u00e1 ni\u00eam y\u1ebft l\u00e0 <b data-path-to-node=\"15\" data-index-in-node=\"38\">180.000 VN\u0110<\/b>. \u0110\u00e2y l\u00e0 m\u1ee9c gi\u00e1 r\u1ea5t h\u1ee3p l\u00fd cho m\u1ed9t d\u00f2ng n\u1ebfn organic cao c\u1ea5p.<\/p>\n<figure style=\"width: 533px\" class=\"wp-caption alignnone\"><img loading=\"lazy\" decoding=\"async\" src=\"https:\/\/sasana.com.vn\/wp-content\/uploads\/2022\/10\/nen-thom-co-doc-khong.jpg\" alt=\"N\u1ebfn th\u01a1m r\u1eebng th\u00f4ng Shopcuatui.\" width=\"533\" height=\"800\" \/><figcaption class=\"wp-caption-text\">N\u1ebfn th\u01a1m r\u1eebng th\u00f4ng Shopcuatui.<\/figcaption><\/figure>\n<p><a href=\"https:\/\/yankeecandle.com.vn\/nen\">xem t\u1ea1i \u0111\u00e2y<\/a><\/p>\n<p><a href=\"https:\/\/minnthuu.azdigi.shop\/wp-admin\/edit.php\">danh m\u1ee5c s\u1ea3n ph\u1ea9m<\/a><\/p>\n<p>&nbsp;<\/p>\n","protected":false},"excerpt":{"rendered":"<p>N\u1ebfn th\u01a1m r\u1eebng th\u00f4ng \u2013 \u0110\u01b0a thi\u00ean nhi\u00ean v\u00e0o c\u0103n ph\u00f2ng c\u1ee7a b\u1ea1n B\u1ea1n mu\u1ed1n th\u1ee9c d\u1eady gi\u1eefa m\u1ed9t c\u00e1nh r\u1eebng th\u00f4ng b\u1ea1t ng\u00e0n? B\u1ea1n y\u00eau th\u00edch kh\u00f4ng kh\u00ed se l\u1ea1nh v\u00e0 thanh khi\u1ebft bu\u1ed5i s\u1edbm mai? N\u1ebfn th\u01a1m r\u1eebng th\u00f4ng t\u1eeb Shopcuatui s\u1ebd mang tr\u1ea3i nghi\u1ec7m \u0111\u00f3 \u0111\u1ebfn cho b\u1ea1n. S\u1ea3n ph\u1ea9m n\u00e0y gi\u00fap [&#8230;]\n","protected":false},"featured_media":0,"comment_status":"open","ping_status":"closed","template":"","meta":[],"product_brand":[],"product_cat":[16],"product_tag":[],"class_list":{"0":"post-179","1":"product","2":"type-product","3":"status-publish","5":"product_cat-nen-sap","7":"first","8":"instock","9":"shipping-taxable","10":"product-type-variable"},"yoast_head":"<!-- This site is optimized with the Yoast SEO plugin v27.1.1 - https:\/\/yoast.com\/product\/yoast-seo-wordpress\/ -->\n<title>N\u1ebfn th\u01a1m r\u1eebng th\u00f4ng Organic | Tinh d\u1ea7u thi\u00ean nhi\u00ean Shopcuatui - shopcuatui<\/title>\n<meta name=\"description\" content=\"Mua n\u1ebfn th\u01a1m r\u1eebng th\u00f4ng organic t\u1ea1i Shopcuatui. Th\u00e0nh ph\u1ea7n t\u1ef1 nhi\u00ean gi\u00fap gi\u1ea3m stress, t\u0103ng t\u1eadp trung v\u00e0 l\u00e0m s\u1ea1ch kh\u00f4ng kh\u00ed. Gi\u00e1 ch\u1ec9 180k. Kh\u00e1m ph\u00e1 ngay!\" \/>\n<meta name=\"robots\" content=\"index, follow, max-snippet:-1, max-image-preview:large, max-video-preview:-1\" \/>\n<link rel=\"canonical\" href=\"https:\/\/minnthuu.azdigi.shop\/?product=nen-thom-rung-thong\" \/>\n<meta property=\"og:locale\" content=\"vi_VN\" \/>\n<meta property=\"og:type\" content=\"article\" \/>\n<meta property=\"og:title\" content=\"N\u1ebfn th\u01a1m r\u1eebng th\u00f4ng Organic | Tinh d\u1ea7u thi\u00ean nhi\u00ean Shopcuatui - shopcuatui\" \/>\n<meta property=\"og:description\" content=\"Mua n\u1ebfn th\u01a1m r\u1eebng th\u00f4ng organic t\u1ea1i Shopcuatui. Th\u00e0nh ph\u1ea7n t\u1ef1 nhi\u00ean gi\u00fap gi\u1ea3m stress, t\u0103ng t\u1eadp trung v\u00e0 l\u00e0m s\u1ea1ch kh\u00f4ng kh\u00ed. Gi\u00e1 ch\u1ec9 180k. Kh\u00e1m ph\u00e1 ngay!\" \/>\n<meta property=\"og:url\" content=\"https:\/\/minnthuu.azdigi.shop\/?product=nen-thom-rung-thong\" \/>\n<meta property=\"og:site_name\" content=\"shopcuatui\" \/>\n<meta property=\"article:modified_time\" content=\"2026-04-18T03:59:08+00:00\" \/>\n<meta property=\"og:image\" content=\"https:\/\/sasana.com.vn\/wp-content\/uploads\/2022\/10\/nen-thom-co-doc-khong.jpg\" \/>\n<meta name=\"twitter:card\" content=\"summary_large_image\" \/>\n<meta name=\"twitter:label1\" content=\"\u01af\u1edbc t\u00ednh th\u1eddi gian \u0111\u1ecdc\" \/>\n\t<meta name=\"twitter:data1\" content=\"3 ph\u00fat\" \/>\n<script type=\"application\/ld+json\" class=\"yoast-schema-graph\">{\"@context\":\"https:\/\/schema.org\",\"@graph\":[{\"@type\":\"WebPage\",\"@id\":\"https:\/\/minnthuu.azdigi.shop\/?product=nen-thom-rung-thong\",\"url\":\"https:\/\/minnthuu.azdigi.shop\/?product=nen-thom-rung-thong\",\"name\":\"N\u1ebfn th\u01a1m r\u1eebng th\u00f4ng Organic | Tinh d\u1ea7u thi\u00ean nhi\u00ean Shopcuatui - shopcuatui\",\"isPartOf\":{\"@id\":\"https:\/\/minnthuu.azdigi.shop\/#website\"},\"primaryImageOfPage\":{\"@id\":\"https:\/\/minnthuu.azdigi.shop\/?product=nen-thom-rung-thong#primaryimage\"},\"image\":{\"@id\":\"https:\/\/minnthuu.azdigi.shop\/?product=nen-thom-rung-thong#primaryimage\"},\"thumbnailUrl\":\"https:\/\/sasana.com.vn\/wp-content\/uploads\/2022\/10\/nen-thom-co-doc-khong.jpg\",\"datePublished\":\"2026-04-10T16:07:56+00:00\",\"dateModified\":\"2026-04-18T03:59:08+00:00\",\"description\":\"Mua n\u1ebfn th\u01a1m r\u1eebng th\u00f4ng organic t\u1ea1i Shopcuatui. Th\u00e0nh ph\u1ea7n t\u1ef1 nhi\u00ean gi\u00fap gi\u1ea3m stress, t\u0103ng t\u1eadp trung v\u00e0 l\u00e0m s\u1ea1ch kh\u00f4ng kh\u00ed. Gi\u00e1 ch\u1ec9 180k. Kh\u00e1m ph\u00e1 ngay!\",\"breadcrumb\":{\"@id\":\"https:\/\/minnthuu.azdigi.shop\/?product=nen-thom-rung-thong#breadcrumb\"},\"inLanguage\":\"vi\",\"potentialAction\":[{\"@type\":\"ReadAction\",\"target\":[\"https:\/\/minnthuu.azdigi.shop\/?product=nen-thom-rung-thong\"]}]},{\"@type\":\"ImageObject\",\"inLanguage\":\"vi\",\"@id\":\"https:\/\/minnthuu.azdigi.shop\/?product=nen-thom-rung-thong#primaryimage\",\"url\":\"https:\/\/sasana.com.vn\/wp-content\/uploads\/2022\/10\/nen-thom-co-doc-khong.jpg\",\"contentUrl\":\"https:\/\/sasana.com.vn\/wp-content\/uploads\/2022\/10\/nen-thom-co-doc-khong.jpg\"},{\"@type\":\"BreadcrumbList\",\"@id\":\"https:\/\/minnthuu.azdigi.shop\/?product=nen-thom-rung-thong#breadcrumb\",\"itemListElement\":[{\"@type\":\"ListItem\",\"position\":1,\"name\":\"Trang ch\u1ee7\",\"item\":\"https:\/\/minnthuu.azdigi.shop\/\"},{\"@type\":\"ListItem\",\"position\":2,\"name\":\"C\u1eeda h\u00e0ng\",\"item\":\"https:\/\/minnthuu.azdigi.shop\/?page_id=79\"},{\"@type\":\"ListItem\",\"position\":3,\"name\":\"N\u1ebfn th\u01a1m r\u1eebng th\u00f4ng Organic | Tinh d\u1ea7u thi\u00ean nhi\u00ean Shopcuatui\"}]},{\"@type\":\"WebSite\",\"@id\":\"https:\/\/minnthuu.azdigi.shop\/#website\",\"url\":\"https:\/\/minnthuu.azdigi.shop\/\",\"name\":\"shopcuatui\",\"description\":\"\",\"potentialAction\":[{\"@type\":\"SearchAction\",\"target\":{\"@type\":\"EntryPoint\",\"urlTemplate\":\"https:\/\/minnthuu.azdigi.shop\/?s={search_term_string}\"},\"query-input\":{\"@type\":\"PropertyValueSpecification\",\"valueRequired\":true,\"valueName\":\"search_term_string\"}}],\"inLanguage\":\"vi\"}]}<\/script>\n<!-- \/ Yoast SEO plugin. -->","yoast_head_json":{"title":"N\u1ebfn th\u01a1m r\u1eebng th\u00f4ng Organic | Tinh d\u1ea7u thi\u00ean nhi\u00ean Shopcuatui - shopcuatui","description":"Mua n\u1ebfn th\u01a1m r\u1eebng th\u00f4ng organic t\u1ea1i Shopcuatui. Th\u00e0nh ph\u1ea7n t\u1ef1 nhi\u00ean gi\u00fap gi\u1ea3m stress, t\u0103ng t\u1eadp trung v\u00e0 l\u00e0m s\u1ea1ch kh\u00f4ng kh\u00ed. Gi\u00e1 ch\u1ec9 180k. Kh\u00e1m ph\u00e1 ngay!","robots":{"index":"index","follow":"follow","max-snippet":"max-snippet:-1","max-image-preview":"max-image-preview:large","max-video-preview":"max-video-preview:-1"},"canonical":"https:\/\/minnthuu.azdigi.shop\/?product=nen-thom-rung-thong","og_locale":"vi_VN","og_type":"article","og_title":"N\u1ebfn th\u01a1m r\u1eebng th\u00f4ng Organic | Tinh d\u1ea7u thi\u00ean nhi\u00ean Shopcuatui - shopcuatui","og_description":"Mua n\u1ebfn th\u01a1m r\u1eebng th\u00f4ng organic t\u1ea1i Shopcuatui. Th\u00e0nh ph\u1ea7n t\u1ef1 nhi\u00ean gi\u00fap gi\u1ea3m stress, t\u0103ng t\u1eadp trung v\u00e0 l\u00e0m s\u1ea1ch kh\u00f4ng kh\u00ed. Gi\u00e1 ch\u1ec9 180k. Kh\u00e1m ph\u00e1 ngay!","og_url":"https:\/\/minnthuu.azdigi.shop\/?product=nen-thom-rung-thong","og_site_name":"shopcuatui","article_modified_time":"2026-04-18T03:59:08+00:00","og_image":[{"url":"https:\/\/sasana.com.vn\/wp-content\/uploads\/2022\/10\/nen-thom-co-doc-khong.jpg","type":"","width":"","height":""}],"twitter_card":"summary_large_image","twitter_misc":{"\u01af\u1edbc t\u00ednh th\u1eddi gian \u0111\u1ecdc":"3 ph\u00fat"},"schema":{"@context":"https:\/\/schema.org","@graph":[{"@type":"WebPage","@id":"https:\/\/minnthuu.azdigi.shop\/?product=nen-thom-rung-thong","url":"https:\/\/minnthuu.azdigi.shop\/?product=nen-thom-rung-thong","name":"N\u1ebfn th\u01a1m r\u1eebng th\u00f4ng Organic | Tinh d\u1ea7u thi\u00ean nhi\u00ean Shopcuatui - shopcuatui","isPartOf":{"@id":"https:\/\/minnthuu.azdigi.shop\/#website"},"primaryImageOfPage":{"@id":"https:\/\/minnthuu.azdigi.shop\/?product=nen-thom-rung-thong#primaryimage"},"image":{"@id":"https:\/\/minnthuu.azdigi.shop\/?product=nen-thom-rung-thong#primaryimage"},"thumbnailUrl":"https:\/\/sasana.com.vn\/wp-content\/uploads\/2022\/10\/nen-thom-co-doc-khong.jpg","datePublished":"2026-04-10T16:07:56+00:00","dateModified":"2026-04-18T03:59:08+00:00","description":"Mua n\u1ebfn th\u01a1m r\u1eebng th\u00f4ng organic t\u1ea1i Shopcuatui. Th\u00e0nh ph\u1ea7n t\u1ef1 nhi\u00ean gi\u00fap gi\u1ea3m stress, t\u0103ng t\u1eadp trung v\u00e0 l\u00e0m s\u1ea1ch kh\u00f4ng kh\u00ed. Gi\u00e1 ch\u1ec9 180k. Kh\u00e1m ph\u00e1 ngay!","breadcrumb":{"@id":"https:\/\/minnthuu.azdigi.shop\/?product=nen-thom-rung-thong#breadcrumb"},"inLanguage":"vi","potentialAction":[{"@type":"ReadAction","target":["https:\/\/minnthuu.azdigi.shop\/?product=nen-thom-rung-thong"]}]},{"@type":"ImageObject","inLanguage":"vi","@id":"https:\/\/minnthuu.azdigi.shop\/?product=nen-thom-rung-thong#primaryimage","url":"https:\/\/sasana.com.vn\/wp-content\/uploads\/2022\/10\/nen-thom-co-doc-khong.jpg","contentUrl":"https:\/\/sasana.com.vn\/wp-content\/uploads\/2022\/10\/nen-thom-co-doc-khong.jpg"},{"@type":"BreadcrumbList","@id":"https:\/\/minnthuu.azdigi.shop\/?product=nen-thom-rung-thong#breadcrumb","itemListElement":[{"@type":"ListItem","position":1,"name":"Trang ch\u1ee7","item":"https:\/\/minnthuu.azdigi.shop\/"},{"@type":"ListItem","position":2,"name":"C\u1eeda h\u00e0ng","item":"https:\/\/minnthuu.azdigi.shop\/?page_id=79"},{"@type":"ListItem","position":3,"name":"N\u1ebfn th\u01a1m r\u1eebng th\u00f4ng Organic | Tinh d\u1ea7u thi\u00ean nhi\u00ean Shopcuatui"}]},{"@type":"WebSite","@id":"https:\/\/minnthuu.azdigi.shop\/#website","url":"https:\/\/minnthuu.azdigi.shop\/","name":"shopcuatui","description":"","potentialAction":[{"@type":"SearchAction","target":{"@type":"EntryPoint","urlTemplate":"https:\/\/minnthuu.azdigi.shop\/?s={search_term_string}"},"query-input":{"@type":"PropertyValueSpecification","valueRequired":true,"valueName":"search_term_string"}}],"inLanguage":"vi"}]}},"_links":{"self":[{"href":"https:\/\/minnthuu.azdigi.shop\/index.php?rest_route=\/wp\/v2\/product\/179","targetHints":{"allow":["GET"]}}],"collection":[{"href":"https:\/\/minnthuu.azdigi.shop\/index.php?rest_route=\/wp\/v2\/product"}],"about":[{"href":"https:\/\/minnthuu.azdigi.shop\/index.php?rest_route=\/wp\/v2\/types\/product"}],"replies":[{"embeddable":true,"href":"https:\/\/minnthuu.azdigi.shop\/index.php?rest_route=%2Fwp%2Fv2%2Fcomments&post=179"}],"wp:attachment":[{"href":"https:\/\/minnthuu.azdigi.shop\/index.php?rest_route=%2Fwp%2Fv2%2Fmedia&parent=179"}],"wp:term":[{"taxonomy":"product_brand","embeddable":true,"href":"https:\/\/minnthuu.azdigi.shop\/index.php?rest_route=%2Fwp%2Fv2%2Fproduct_brand&post=179"},{"taxonomy":"product_cat","embeddable":true,"href":"https:\/\/minnthuu.azdigi.shop\/index.php?rest_route=%2Fwp%2Fv2%2Fproduct_cat&post=179"},{"taxonomy":"product_tag","embeddable":true,"href":"https:\/\/minnthuu.azdigi.shop\/index.php?rest_route=%2Fwp%2Fv2%2Fproduct_tag&post=179"}],"curies":[{"name":"wp","href":"https:\/\/api.w.org\/{rel}","templated":true}]}}